{"id":1185,"date":"2023-01-17T09:15:34","date_gmt":"2023-01-17T09:15:34","guid":{"rendered":"https:\/\/hatha.qodeinteractive.com\/?page_id=1185"},"modified":"2025-12-02T17:33:09","modified_gmt":"2025-12-02T17:33:09","slug":"contacto","status":"publish","type":"page","link":"https:\/\/martayogaibiza.com\/index.php\/contacto\/","title":{"rendered":"Contacto"},"content":{"rendered":"\t\t<div data-elementor-type=\"wp-page\" data-elementor-id=\"1185\" class=\"elementor elementor-1185\">\n\t\t\t\t\t\t<section class=\"elementor-section elementor-top-section elementor-element elementor-element-9104473 elementor-section-boxed elementor-section-height-default elementor-section-height-default qodef-elementor-content-no\" data-id=\"9104473\" data-element_type=\"section\">\n\t\t\t\t\t\t<div class=\"elementor-container elementor-column-gap-default\">\n\t\t\t\t\t<div class=\"elementor-column elementor-col-50 elementor-top-column elementor-element elementor-element-3696dde\" data-id=\"3696dde\" data-element_type=\"column\">\n\t\t\t<div class=\"elementor-widget-wrap elementor-element-populated\">\n\t\t\t\t\t\t<div class=\"elementor-element elementor-element-e55aa9c elementor-widget__width-initial elementor-widget elementor-widget-image\" data-id=\"e55aa9c\" data-element_type=\"widget\" data-widget_type=\"image.default\">\n\t\t\t\t<div class=\"elementor-widget-container\">\n\t\t\t\t\t\t\t\t\t\t\t\t\t\t\t<img fetchpriority=\"high\" decoding=\"async\" width=\"683\" height=\"1024\" src=\"data:image\/gif;base64,R0lGODlhAQABAIAAAAAAAP\/\/\/yH5BAEAAAAALAAAAAABAAEAAAIBRAA7\" data-src=\"https:\/\/martayogaibiza.com\/wp-content\/uploads\/2025\/06\/marta-yoga-102_websize-683x1024.jpg\" class=\"attachment-large size-large wp-image-8385 lazyload\" alt=\"\" data-srcset=\"https:\/\/martayogaibiza.com\/wp-content\/uploads\/2025\/06\/marta-yoga-102_websize-683x1024.jpg 683w, https:\/\/martayogaibiza.com\/wp-content\/uploads\/2025\/06\/marta-yoga-102_websize-200x300.jpg 200w, https:\/\/martayogaibiza.com\/wp-content\/uploads\/2025\/06\/marta-yoga-102_websize-768x1152.jpg 768w, https:\/\/martayogaibiza.com\/wp-content\/uploads\/2025\/06\/marta-yoga-102_websize-1024x1536.jpg 1024w, https:\/\/martayogaibiza.com\/wp-content\/uploads\/2025\/06\/marta-yoga-102_websize.jpg 1067w\" sizes=\"(max-width: 683px) 100vw, 683px\" \/><noscript><img decoding=\"async\" width=\"683\" height=\"1024\" src=\"https:\/\/martayogaibiza.com\/wp-content\/uploads\/2025\/06\/marta-yoga-102_websize-683x1024.jpg\" class=\"attachment-large size-large wp-image-8385 lazyload\" alt=\"\" srcset=\"https:\/\/martayogaibiza.com\/wp-content\/uploads\/2025\/06\/marta-yoga-102_websize-683x1024.jpg 683w, https:\/\/martayogaibiza.com\/wp-content\/uploads\/2025\/06\/marta-yoga-102_websize-200x300.jpg 200w, https:\/\/martayogaibiza.com\/wp-content\/uploads\/2025\/06\/marta-yoga-102_websize-768x1152.jpg 768w, https:\/\/martayogaibiza.com\/wp-content\/uploads\/2025\/06\/marta-yoga-102_websize-1024x1536.jpg 1024w, https:\/\/martayogaibiza.com\/wp-content\/uploads\/2025\/06\/marta-yoga-102_websize.jpg 1067w\" sizes=\"(max-width: 683px) 100vw, 683px\" \/><\/noscript>\t\t\t\t\t\t\t\t\t\t\t\t\t\t\t<\/div>\n\t\t\t\t<\/div>\n\t\t\t\t<div class=\"elementor-element elementor-element-663b25f elementor-widget elementor-widget-spacer\" data-id=\"663b25f\" data-element_type=\"widget\" data-widget_type=\"spacer.default\">\n\t\t\t\t<div class=\"elementor-widget-container\">\n\t\t\t\t\t\t\t<div class=\"elementor-spacer\">\n\t\t\t<div class=\"elementor-spacer-inner\"><\/div>\n\t\t<\/div>\n\t\t\t\t\t\t<\/div>\n\t\t\t\t<\/div>\n\t\t\t\t<div class=\"elementor-element elementor-element-6d63122 elementor-widget elementor-widget-google_maps\" data-id=\"6d63122\" data-element_type=\"widget\" data-widget_type=\"google_maps.default\">\n\t\t\t\t<div class=\"elementor-widget-container\">\n\t\t\t\t\t\t\t<div class=\"elementor-custom-embed\">\n\t\t\t<iframe class=\"lazyload\" loading=\"lazy\"\n\t\t\t\t\tsrc=\"https:\/\/maps.google.com\/maps?q=C%2F%20Algemes%C3%AD%203%2C%201%C2%BA%2007840%20Santa%20Eulalia%20del%20R%C3%ADo%2C%20Ibiza&#038;t=m&#038;z=10&#038;output=embed&#038;iwloc=near\"\n\t\t\t\t\ttitle=\"C\/ Algemes\u00ed 3, 1\u00ba 07840 Santa Eulalia del R\u00edo, Ibiza\"\n\t\t\t\t\taria-label=\"C\/ Algemes\u00ed 3, 1\u00ba 07840 Santa Eulalia del R\u00edo, Ibiza\"\n\t\t\t><\/iframe>\n\t\t<\/div>\n\t\t\t\t\t\t<\/div>\n\t\t\t\t<\/div>\n\t\t\t\t\t<\/div>\n\t\t<\/div>\n\t\t\t\t<div class=\"elementor-column elementor-col-50 elementor-top-column elementor-element elementor-element-b401ed1\" data-id=\"b401ed1\" data-element_type=\"column\">\n\t\t\t<div class=\"elementor-widget-wrap elementor-element-populated\">\n\t\t\t\t\t\t<div class=\"elementor-element elementor-element-c0a0c0c elementor-widget elementor-widget-hatha_core_section_title\" data-id=\"c0a0c0c\" data-element_type=\"widget\" data-widget_type=\"hatha_core_section_title.default\">\n\t\t\t\t<div class=\"elementor-widget-container\">\n\t\t\t\t\t<div class=\"qodef-shortcode qodef-m  qodef-section-title qodef-alignment--left  \">\n\t\t<h3 class=\"qodef-m-title\" >\n\t\t\t\t\tMarta <span class=\"qodef-m-title--different-color\" style=\"color: #878aec\">Yoga<\/span> Ibiza\t\t\t<\/h3>\n\t<\/div>\t\t\t\t<\/div>\n\t\t\t\t<\/div>\n\t\t\t\t<div class=\"elementor-element elementor-element-82778b2 elementor-align-left elementor-widget elementor-widget-button\" data-id=\"82778b2\" data-element_type=\"widget\" data-widget_type=\"button.default\">\n\t\t\t\t<div class=\"elementor-widget-container\">\n\t\t\t\t\t\t\t\t\t<div class=\"elementor-button-wrapper\">\n\t\t\t\t\t<a class=\"elementor-button elementor-button-link elementor-size-sm\" href=\"https:\/\/www.momoyoga.com\/marta-yoga-ibiza\/schedule\" target=\"_blank\">\n\t\t\t\t\t\t<span class=\"elementor-button-content-wrapper\">\n\t\t\t\t\t\t\t\t\t<span class=\"elementor-button-text\">Reservar clase<\/span>\n\t\t\t\t\t<\/span>\n\t\t\t\t\t<\/a>\n\t\t\t\t<\/div>\n\t\t\t\t\t\t\t\t<\/div>\n\t\t\t\t<\/div>\n\t\t\t\t<div class=\"elementor-element elementor-element-c3b6999 elementor-widget elementor-widget-text-editor\" data-id=\"c3b6999\" data-element_type=\"widget\" data-widget_type=\"text-editor.default\">\n\t\t\t\t<div class=\"elementor-widget-container\">\n\t\t\t\t\t\t\t\t\t<p style=\"text-align: left;\">Si quieres reservar tu clase, puedes hacerlo directamente desde el bot\u00f3n de reserva. Para dudas, informaci\u00f3n sobre talleres, formaciones, retiros o colaboraciones, puedes escribirme a trav\u00e9s del formulario o por WhatsApp. Estar\u00e9 encantada de ayudarte.<\/p><p style=\"text-align: left;\">Tel\u00e9fono: +34 637 31 45 34<\/p><p style=\"text-align: left;\">Email: hola@martayogaibiza.com<\/p>\t\t\t\t\t\t\t\t<\/div>\n\t\t\t\t<\/div>\n\t\t\t\t<div class=\"elementor-element elementor-element-a2302cd elementor-widget elementor-widget-wp-widget-hatha_core_contact_form_7\" data-id=\"a2302cd\" data-element_type=\"widget\" data-widget_type=\"wp-widget-hatha_core_contact_form_7.default\">\n\t\t\t\t<div class=\"elementor-widget-container\">\n\t\t\t\t\t\t\t\t<div class=\"qodef-contact-form-7\">\n\t\t\t\t\n<div class=\"wpcf7 no-js\" id=\"wpcf7-f6414-o1\" lang=\"es-ES\" dir=\"ltr\" data-wpcf7-id=\"6414\">\n<div class=\"screen-reader-response\"><p role=\"status\" aria-live=\"polite\" aria-atomic=\"true\"><\/p> <ul><\/ul><\/div>\n<form action=\"\/index.php\/wp-json\/wp\/v2\/pages\/1185#wpcf7-f6414-o1\" method=\"post\" class=\"wpcf7-form init\" aria-label=\"Formulario de contacto\" novalidate=\"novalidate\" data-status=\"init\">\n<fieldset class=\"hidden-fields-container\"><input type=\"hidden\" name=\"_wpcf7\" value=\"6414\" \/><input type=\"hidden\" name=\"_wpcf7_version\" value=\"6.1\" \/><input type=\"hidden\" name=\"_wpcf7_locale\" value=\"es_ES\" \/><input type=\"hidden\" name=\"_wpcf7_unit_tag\" value=\"wpcf7-f6414-o1\" \/><input type=\"hidden\" name=\"_wpcf7_container_post\" value=\"0\" \/><input type=\"hidden\" name=\"_wpcf7_posted_data_hash\" value=\"\" \/>\n<\/fieldset>\n<label> Tu nombre\n    <span class=\"wpcf7-form-control-wrap\" data-name=\"your-name\"><input size=\"40\" maxlength=\"400\" class=\"wpcf7-form-control wpcf7-text wpcf7-validates-as-required\" autocomplete=\"name\" aria-required=\"true\" aria-invalid=\"false\" value=\"\" type=\"text\" name=\"your-name\" \/><\/span> <\/label>\n\n<label> Tu correo electr\u00f3nico\n    <span class=\"wpcf7-form-control-wrap\" data-name=\"your-email\"><input size=\"40\" maxlength=\"400\" class=\"wpcf7-form-control wpcf7-email wpcf7-validates-as-required wpcf7-text wpcf7-validates-as-email\" autocomplete=\"email\" aria-required=\"true\" aria-invalid=\"false\" value=\"\" type=\"email\" name=\"your-email\" \/><\/span> <\/label>\n\n<label> Tu mensaje \n    <span class=\"wpcf7-form-control-wrap\" data-name=\"your-message\"><textarea cols=\"40\" rows=\"10\" maxlength=\"2000\" class=\"wpcf7-form-control wpcf7-textarea\" aria-invalid=\"false\" name=\"your-message\"><\/textarea><\/span> <\/label>\n\n<span class=\"wpcf7-form-control-wrap\" data-name=\"acceptance-985\"><span class=\"wpcf7-form-control wpcf7-acceptance\"><span class=\"wpcf7-list-item\"><label><input type=\"checkbox\" name=\"acceptance-985\" value=\"1\" aria-invalid=\"false\" \/><span class=\"wpcf7-list-item-label\">He le\u00eddo y acepto la <a href=\"https:\/\/martayogaibiza.com\/index.php\/politica-de-privacidad\/\">Pol\u00edtica de privacidad<\/a>.Si no aceptas la pol\u00edtica de privacidad no recibir\u00e9 tu mensaje.<\/span><\/label><\/span><\/span><\/span>\n\n<button class=\"wpcf7-form-control wpcf7-submit qodef-button qodef-size--normal qodef-type--filled qodef-m\" type=\"submit\"><span class=\"qodef-m-text\">Enviar<\/span><\/button><p style=\"display: none !important;\" class=\"akismet-fields-container\" data-prefix=\"_wpcf7_ak_\"><label>&#916;<textarea name=\"_wpcf7_ak_hp_textarea\" cols=\"45\" rows=\"8\" maxlength=\"100\"><\/textarea><\/label><input type=\"hidden\" id=\"ak_js_1\" name=\"_wpcf7_ak_js\" value=\"190\"\/><script>document.getElementById( \"ak_js_1\" ).setAttribute( \"value\", ( new Date() ).getTime() );<\/script><\/p><div class=\"wpcf7-response-output\" aria-hidden=\"true\"><\/div>\n<\/form>\n<\/div>\n\t\t\t<\/div>\n\t\t\t\t\t\t\t<\/div>\n\t\t\t\t<\/div>\n\t\t\t\t\t<\/div>\n\t\t<\/div>\n\t\t\t\t\t<\/div>\n\t\t<\/section>\n\t\t\t\t<\/div>\n\t\t","protected":false},"excerpt":{"rendered":"<p>Marta Yoga Ibiza Reservar clase Si quieres reservar tu clase, puedes hacerlo directamente desde el bot\u00f3n de reserva. Para dudas, informaci\u00f3n sobre talleres, formaciones, retiros o colaboraciones, puedes escribirme a trav\u00e9s del formulario o por WhatsApp. Estar\u00e9 encantada de ayudarte. Tel\u00e9fono: +34 637 31 45 34 Email: hola@martayogaibiza.com<\/p>\n","protected":false},"author":1,"featured_media":0,"parent":0,"menu_order":0,"comment_status":"closed","ping_status":"closed","template":"page-full-width.php","meta":{"footnotes":""},"class_list":["post-1185","page","type-page","status-publish","hentry"],"yoast_head":"<!-- This site is optimized with the Yoast SEO plugin v25.5 - https:\/\/yoast.com\/wordpress\/plugins\/seo\/ -->\n<title>Contacto - Marta Yoga Ibiza<\/title>\n<meta name=\"description\" content=\"Si quieres m\u00e1s informaci\u00f3n sobre todo lo que hacemos o tienes alguna propuesta, ponte en contacto , estar\u00e9 encantada de ayudarte.\" \/>\n<meta name=\"robots\" content=\"index, follow, max-snippet:-1, max-image-preview:large, max-video-preview:-1\" \/>\n<link rel=\"canonical\" href=\"https:\/\/martayogaibiza.com\/index.php\/contacto\/\" \/>\n<meta property=\"og:locale\" content=\"es_ES\" \/>\n<meta property=\"og:type\" content=\"article\" \/>\n<meta property=\"og:title\" content=\"Contacto - Marta Yoga Ibiza\" \/>\n<meta property=\"og:description\" content=\"Si quieres m\u00e1s informaci\u00f3n sobre todo lo que hacemos o tienes alguna propuesta, ponte en contacto , estar\u00e9 encantada de ayudarte.\" \/>\n<meta property=\"og:url\" content=\"https:\/\/martayogaibiza.com\/index.php\/contacto\/\" \/>\n<meta property=\"og:site_name\" content=\"Marta Yoga Ibiza\" \/>\n<meta property=\"article:publisher\" content=\"https:\/\/www.facebook.com\/MartaYogaIbiza\/\" \/>\n<meta property=\"article:modified_time\" content=\"2025-12-02T17:33:09+00:00\" \/>\n<meta property=\"og:image\" content=\"https:\/\/martayogaibiza.com\/wp-content\/uploads\/2025\/06\/marta-yoga-102_websize.jpg\" \/>\n\t<meta property=\"og:image:width\" content=\"1067\" \/>\n\t<meta property=\"og:image:height\" content=\"1600\" \/>\n\t<meta property=\"og:image:type\" content=\"image\/jpeg\" \/>\n<meta name=\"twitter:card\" content=\"summary_large_image\" \/>\n<meta name=\"twitter:label1\" content=\"Tiempo de lectura\" \/>\n\t<meta name=\"twitter:data1\" content=\"1 minuto\" \/>\n<script type=\"application\/ld+json\" class=\"yoast-schema-graph\">{\"@context\":\"https:\/\/schema.org\",\"@graph\":[{\"@type\":\"WebPage\",\"@id\":\"https:\/\/martayogaibiza.com\/index.php\/contacto\/\",\"url\":\"https:\/\/martayogaibiza.com\/index.php\/contacto\/\",\"name\":\"Contacto - Marta Yoga Ibiza\",\"isPartOf\":{\"@id\":\"https:\/\/martayogaibiza.com\/#website\"},\"primaryImageOfPage\":{\"@id\":\"https:\/\/martayogaibiza.com\/index.php\/contacto\/#primaryimage\"},\"image\":{\"@id\":\"https:\/\/martayogaibiza.com\/index.php\/contacto\/#primaryimage\"},\"thumbnailUrl\":\"https:\/\/martayogaibiza.com\/wp-content\/uploads\/2025\/06\/marta-yoga-102_websize-683x1024.jpg\",\"datePublished\":\"2023-01-17T09:15:34+00:00\",\"dateModified\":\"2025-12-02T17:33:09+00:00\",\"description\":\"Si quieres m\u00e1s informaci\u00f3n sobre todo lo que hacemos o tienes alguna propuesta, ponte en contacto , estar\u00e9 encantada de ayudarte.\",\"breadcrumb\":{\"@id\":\"https:\/\/martayogaibiza.com\/index.php\/contacto\/#breadcrumb\"},\"inLanguage\":\"es\",\"potentialAction\":[{\"@type\":\"ReadAction\",\"target\":[\"https:\/\/martayogaibiza.com\/index.php\/contacto\/\"]}]},{\"@type\":\"ImageObject\",\"inLanguage\":\"es\",\"@id\":\"https:\/\/martayogaibiza.com\/index.php\/contacto\/#primaryimage\",\"url\":\"https:\/\/martayogaibiza.com\/wp-content\/uploads\/2025\/06\/marta-yoga-102_websize.jpg\",\"contentUrl\":\"https:\/\/martayogaibiza.com\/wp-content\/uploads\/2025\/06\/marta-yoga-102_websize.jpg\",\"width\":1067,\"height\":1600},{\"@type\":\"BreadcrumbList\",\"@id\":\"https:\/\/martayogaibiza.com\/index.php\/contacto\/#breadcrumb\",\"itemListElement\":[{\"@type\":\"ListItem\",\"position\":1,\"name\":\"Portada\",\"item\":\"https:\/\/martayogaibiza.com\/\"},{\"@type\":\"ListItem\",\"position\":2,\"name\":\"Contacto\"}]},{\"@type\":\"WebSite\",\"@id\":\"https:\/\/martayogaibiza.com\/#website\",\"url\":\"https:\/\/martayogaibiza.com\/\",\"name\":\"Marta Yoga Ibiza\",\"description\":\"Yoga en Ibiza\",\"publisher\":{\"@id\":\"https:\/\/martayogaibiza.com\/#\/schema\/person\/92598a7f6f24a2bf61586cfdd3825a83\"},\"potentialAction\":[{\"@type\":\"SearchAction\",\"target\":{\"@type\":\"EntryPoint\",\"urlTemplate\":\"https:\/\/martayogaibiza.com\/?s={search_term_string}\"},\"query-input\":{\"@type\":\"PropertyValueSpecification\",\"valueRequired\":true,\"valueName\":\"search_term_string\"}}],\"inLanguage\":\"es\"},{\"@type\":[\"Person\",\"Organization\"],\"@id\":\"https:\/\/martayogaibiza.com\/#\/schema\/person\/92598a7f6f24a2bf61586cfdd3825a83\",\"name\":\"Marta Almagro\",\"image\":{\"@type\":\"ImageObject\",\"inLanguage\":\"es\",\"@id\":\"https:\/\/martayogaibiza.com\/#\/schema\/person\/image\/\",\"url\":\"https:\/\/martayogaibiza.com\/wp-content\/uploads\/2023\/01\/sin-fondo.png\",\"contentUrl\":\"https:\/\/martayogaibiza.com\/wp-content\/uploads\/2023\/01\/sin-fondo.png\",\"width\":489,\"height\":303,\"caption\":\"Marta Almagro\"},\"logo\":{\"@id\":\"https:\/\/martayogaibiza.com\/#\/schema\/person\/image\/\"},\"sameAs\":[\"http:\/\/martayogaibiza.com\",\"https:\/\/www.facebook.com\/MartaYogaIbiza\/\",\"https:\/\/www.instagram.com\/martayogaibiza\/\"]}]}<\/script>\n<!-- \/ Yoast SEO plugin. -->","yoast_head_json":{"title":"Contacto - Marta Yoga Ibiza","description":"Si quieres m\u00e1s informaci\u00f3n sobre todo lo que hacemos o tienes alguna propuesta, ponte en contacto , estar\u00e9 encantada de ayudarte.","robots":{"index":"index","follow":"follow","max-snippet":"max-snippet:-1","max-image-preview":"max-image-preview:large","max-video-preview":"max-video-preview:-1"},"canonical":"https:\/\/martayogaibiza.com\/index.php\/contacto\/","og_locale":"es_ES","og_type":"article","og_title":"Contacto - Marta Yoga Ibiza","og_description":"Si quieres m\u00e1s informaci\u00f3n sobre todo lo que hacemos o tienes alguna propuesta, ponte en contacto , estar\u00e9 encantada de ayudarte.","og_url":"https:\/\/martayogaibiza.com\/index.php\/contacto\/","og_site_name":"Marta Yoga Ibiza","article_publisher":"https:\/\/www.facebook.com\/MartaYogaIbiza\/","article_modified_time":"2025-12-02T17:33:09+00:00","og_image":[{"width":1067,"height":1600,"url":"https:\/\/martayogaibiza.com\/wp-content\/uploads\/2025\/06\/marta-yoga-102_websize.jpg","type":"image\/jpeg"}],"twitter_card":"summary_large_image","twitter_misc":{"Tiempo de lectura":"1 minuto"},"schema":{"@context":"https:\/\/schema.org","@graph":[{"@type":"WebPage","@id":"https:\/\/martayogaibiza.com\/index.php\/contacto\/","url":"https:\/\/martayogaibiza.com\/index.php\/contacto\/","name":"Contacto - Marta Yoga Ibiza","isPartOf":{"@id":"https:\/\/martayogaibiza.com\/#website"},"primaryImageOfPage":{"@id":"https:\/\/martayogaibiza.com\/index.php\/contacto\/#primaryimage"},"image":{"@id":"https:\/\/martayogaibiza.com\/index.php\/contacto\/#primaryimage"},"thumbnailUrl":"https:\/\/martayogaibiza.com\/wp-content\/uploads\/2025\/06\/marta-yoga-102_websize-683x1024.jpg","datePublished":"2023-01-17T09:15:34+00:00","dateModified":"2025-12-02T17:33:09+00:00","description":"Si quieres m\u00e1s informaci\u00f3n sobre todo lo que hacemos o tienes alguna propuesta, ponte en contacto , estar\u00e9 encantada de ayudarte.","breadcrumb":{"@id":"https:\/\/martayogaibiza.com\/index.php\/contacto\/#breadcrumb"},"inLanguage":"es","potentialAction":[{"@type":"ReadAction","target":["https:\/\/martayogaibiza.com\/index.php\/contacto\/"]}]},{"@type":"ImageObject","inLanguage":"es","@id":"https:\/\/martayogaibiza.com\/index.php\/contacto\/#primaryimage","url":"https:\/\/martayogaibiza.com\/wp-content\/uploads\/2025\/06\/marta-yoga-102_websize.jpg","contentUrl":"https:\/\/martayogaibiza.com\/wp-content\/uploads\/2025\/06\/marta-yoga-102_websize.jpg","width":1067,"height":1600},{"@type":"BreadcrumbList","@id":"https:\/\/martayogaibiza.com\/index.php\/contacto\/#breadcrumb","itemListElement":[{"@type":"ListItem","position":1,"name":"Portada","item":"https:\/\/martayogaibiza.com\/"},{"@type":"ListItem","position":2,"name":"Contacto"}]},{"@type":"WebSite","@id":"https:\/\/martayogaibiza.com\/#website","url":"https:\/\/martayogaibiza.com\/","name":"Marta Yoga Ibiza","description":"Yoga en Ibiza","publisher":{"@id":"https:\/\/martayogaibiza.com\/#\/schema\/person\/92598a7f6f24a2bf61586cfdd3825a83"},"potentialAction":[{"@type":"SearchAction","target":{"@type":"EntryPoint","urlTemplate":"https:\/\/martayogaibiza.com\/?s={search_term_string}"},"query-input":{"@type":"PropertyValueSpecification","valueRequired":true,"valueName":"search_term_string"}}],"inLanguage":"es"},{"@type":["Person","Organization"],"@id":"https:\/\/martayogaibiza.com\/#\/schema\/person\/92598a7f6f24a2bf61586cfdd3825a83","name":"Marta Almagro","image":{"@type":"ImageObject","inLanguage":"es","@id":"https:\/\/martayogaibiza.com\/#\/schema\/person\/image\/","url":"https:\/\/martayogaibiza.com\/wp-content\/uploads\/2023\/01\/sin-fondo.png","contentUrl":"https:\/\/martayogaibiza.com\/wp-content\/uploads\/2023\/01\/sin-fondo.png","width":489,"height":303,"caption":"Marta Almagro"},"logo":{"@id":"https:\/\/martayogaibiza.com\/#\/schema\/person\/image\/"},"sameAs":["http:\/\/martayogaibiza.com","https:\/\/www.facebook.com\/MartaYogaIbiza\/","https:\/\/www.instagram.com\/martayogaibiza\/"]}]}},"_links":{"self":[{"href":"https:\/\/martayogaibiza.com\/index.php\/wp-json\/wp\/v2\/pages\/1185","targetHints":{"allow":["GET"]}}],"collection":[{"href":"https:\/\/martayogaibiza.com\/index.php\/wp-json\/wp\/v2\/pages"}],"about":[{"href":"https:\/\/martayogaibiza.com\/index.php\/wp-json\/wp\/v2\/types\/page"}],"author":[{"embeddable":true,"href":"https:\/\/martayogaibiza.com\/index.php\/wp-json\/wp\/v2\/users\/1"}],"replies":[{"embeddable":true,"href":"https:\/\/martayogaibiza.com\/index.php\/wp-json\/wp\/v2\/comments?post=1185"}],"version-history":[{"count":95,"href":"https:\/\/martayogaibiza.com\/index.php\/wp-json\/wp\/v2\/pages\/1185\/revisions"}],"predecessor-version":[{"id":9032,"href":"https:\/\/martayogaibiza.com\/index.php\/wp-json\/wp\/v2\/pages\/1185\/revisions\/9032"}],"wp:attachment":[{"href":"https:\/\/martayogaibiza.com\/index.php\/wp-json\/wp\/v2\/media?parent=1185"}],"curies":[{"name":"wp","href":"https:\/\/api.w.org\/{rel}","templated":true}]}}