{"id":6784,"date":"2024-06-27T20:36:02","date_gmt":"2024-06-27T20:36:02","guid":{"rendered":"https:\/\/martayogaibiza.com\/?page_id=6784"},"modified":"2024-08-08T10:19:46","modified_gmt":"2024-08-08T10:19:46","slug":"yoga-en-familia","status":"publish","type":"page","link":"https:\/\/martayogaibiza.com\/index.php\/yoga-en-familia\/","title":{"rendered":"Yoga en familia"},"content":{"rendered":"\t\t<div data-elementor-type=\"wp-page\" data-elementor-id=\"6784\" class=\"elementor elementor-6784\">\n\t\t\t\t\t\t<section class=\"elementor-section elementor-top-section elementor-element elementor-element-a829245 elementor-section-full_width qodef-elementor-content-grid elementor-section-height-default elementor-section-height-default\" data-id=\"a829245\" data-element_type=\"section\">\n\t\t\t\t\t\t<div class=\"elementor-container elementor-column-gap-default\">\n\t\t\t\t\t<div class=\"elementor-column elementor-col-50 elementor-top-column elementor-element elementor-element-75fbd67\" data-id=\"75fbd67\" data-element_type=\"column\">\n\t\t\t<div class=\"elementor-widget-wrap elementor-element-populated\">\n\t\t\t\t\t\t<div class=\"elementor-element elementor-element-42a8620 elementor-widget elementor-widget-image\" data-id=\"42a8620\" data-element_type=\"widget\" data-widget_type=\"image.default\">\n\t\t\t\t<div class=\"elementor-widget-container\">\n\t\t\t\t\t\t\t\t\t\t\t\t\t\t\t<img fetchpriority=\"high\" decoding=\"async\" width=\"1858\" height=\"2560\" src=\"data:image\/gif;base64,R0lGODlhAQABAIAAAAAAAP\/\/\/yH5BAEAAAAALAAAAAABAAEAAAIBRAA7\" data-src=\"https:\/\/martayogaibiza.com\/wp-content\/uploads\/2024\/06\/IMG_3732-1-1-scaled.jpg\" class=\"attachment-full size-full wp-image-6801 lazyload\" alt=\"\" data-srcset=\"https:\/\/martayogaibiza.com\/wp-content\/uploads\/2024\/06\/IMG_3732-1-1-scaled.jpg 1858w, https:\/\/martayogaibiza.com\/wp-content\/uploads\/2024\/06\/IMG_3732-1-1-218x300.jpg 218w, https:\/\/martayogaibiza.com\/wp-content\/uploads\/2024\/06\/IMG_3732-1-1-743x1024.jpg 743w, https:\/\/martayogaibiza.com\/wp-content\/uploads\/2024\/06\/IMG_3732-1-1-768x1058.jpg 768w, https:\/\/martayogaibiza.com\/wp-content\/uploads\/2024\/06\/IMG_3732-1-1-1115x1536.jpg 1115w, https:\/\/martayogaibiza.com\/wp-content\/uploads\/2024\/06\/IMG_3732-1-1-1486x2048.jpg 1486w\" sizes=\"(max-width: 1858px) 100vw, 1858px\" \/><noscript><img decoding=\"async\" width=\"1858\" height=\"2560\" src=\"https:\/\/martayogaibiza.com\/wp-content\/uploads\/2024\/06\/IMG_3732-1-1-scaled.jpg\" class=\"attachment-full size-full wp-image-6801 lazyload\" alt=\"\" srcset=\"https:\/\/martayogaibiza.com\/wp-content\/uploads\/2024\/06\/IMG_3732-1-1-scaled.jpg 1858w, https:\/\/martayogaibiza.com\/wp-content\/uploads\/2024\/06\/IMG_3732-1-1-218x300.jpg 218w, https:\/\/martayogaibiza.com\/wp-content\/uploads\/2024\/06\/IMG_3732-1-1-743x1024.jpg 743w, https:\/\/martayogaibiza.com\/wp-content\/uploads\/2024\/06\/IMG_3732-1-1-768x1058.jpg 768w, https:\/\/martayogaibiza.com\/wp-content\/uploads\/2024\/06\/IMG_3732-1-1-1115x1536.jpg 1115w, https:\/\/martayogaibiza.com\/wp-content\/uploads\/2024\/06\/IMG_3732-1-1-1486x2048.jpg 1486w\" sizes=\"(max-width: 1858px) 100vw, 1858px\" \/><\/noscript>\t\t\t\t\t\t\t\t\t\t\t\t\t\t\t<\/div>\n\t\t\t\t<\/div>\n\t\t\t\t\t<\/div>\n\t\t<\/div>\n\t\t\t\t<div class=\"elementor-column elementor-col-50 elementor-top-column elementor-element elementor-element-d711675\" data-id=\"d711675\" data-element_type=\"column\">\n\t\t\t<div class=\"elementor-widget-wrap elementor-element-populated\">\n\t\t\t\t\t\t<div class=\"elementor-element elementor-element-a071143 elementor-widget elementor-widget-hatha_core_section_title\" data-id=\"a071143\" data-element_type=\"widget\" data-widget_type=\"hatha_core_section_title.default\">\n\t\t\t\t<div class=\"elementor-widget-container\">\n\t\t\t\t\t<div class=\"qodef-shortcode qodef-m  qodef-section-title qodef-alignment--left qodef-title-break--disabled \">\n\t\t<h3 class=\"qodef-m-title\" >\n\t\t\t\t\tPracticar <span class=\"qodef-m-title--different-color\" style=\"color: #878aec\">yoga<\/span> en familia, especialmente entre madres, padres e hijos, es una excelente manera de fortalecer los lazos emocionales, mejorar la salud f\u00edsica y mental, y pasar tiempo de calidad <span class=\"qodef-m-title--different-color\" style=\"color: #878aec\">juntos.<\/span>\t\t\t<\/h3>\n\t<\/div>\t\t\t\t<\/div>\n\t\t\t\t<\/div>\n\t\t\t\t<div class=\"elementor-element elementor-element-2816acd elementor-widget elementor-widget-spacer\" data-id=\"2816acd\" data-element_type=\"widget\" data-widget_type=\"spacer.default\">\n\t\t\t\t<div class=\"elementor-widget-container\">\n\t\t\t\t\t\t\t<div class=\"elementor-spacer\">\n\t\t\t<div class=\"elementor-spacer-inner\"><\/div>\n\t\t<\/div>\n\t\t\t\t\t\t<\/div>\n\t\t\t\t<\/div>\n\t\t\t\t<div class=\"elementor-element elementor-element-a7e1338 elementor-widget elementor-widget-hatha_core_section_title\" data-id=\"a7e1338\" data-element_type=\"widget\" data-widget_type=\"hatha_core_section_title.default\">\n\t\t\t\t<div class=\"elementor-widget-container\">\n\t\t\t\t\t<div class=\"qodef-shortcode qodef-m  qodef-section-title qodef-alignment--left qodef-title-break--disabled \">\n\t\t<h3 class=\"qodef-m-title\" >\n\t\t\t\t\tAl <span class=\"qodef-m-title--different-color\" style=\"color: #878aec\">crear<\/span> una rutina de yoga, las madres y padres pueden ense\u00f1ar a sus hijos habilidades valiosas para la vida, como la atenci\u00f3n plena, la resiliencia y la conexi\u00f3n emocional. \t\t\t<\/h3>\n\t<\/div>\t\t\t\t<\/div>\n\t\t\t\t<\/div>\n\t\t\t\t<div class=\"elementor-element elementor-element-5293055 elementor-widget elementor-widget-hatha_core_button\" data-id=\"5293055\" data-element_type=\"widget\" data-widget_type=\"hatha_core_button.default\">\n\t\t\t\t<div class=\"elementor-widget-container\">\n\t\t\t\t\t<a class=\"qodef-shortcode qodef-m  qodef-button qodef-layout--filled  qodef-html--link\" href=\"https:\/\/martayogaibiza.com\/index.php\/beneficios-yoga-familia\/\" target=\"_blank\"  >\n\t<span class=\"qodef-m-text\">Beneficios del yoga en familia<\/span>\n<\/a>\t\t\t\t<\/div>\n\t\t\t\t<\/div>\n\t\t\t\t\t<\/div>\n\t\t<\/div>\n\t\t\t\t\t<\/div>\n\t\t<\/section>\n\t\t\t\t<\/div>\n\t\t","protected":false},"excerpt":{"rendered":"<p>Practicar yoga en familia, especialmente entre madres, padres e hijos, es una excelente manera de fortalecer los lazos emocionales, mejorar la salud f\u00edsica y mental, y pasar tiempo de calidad juntos. Al crear una rutina de yoga, las madres y padres pueden ense\u00f1ar a sus hijos habilidades valiosas para la vida, como la atenci\u00f3n plena, [&hellip;]<\/p>\n","protected":false},"author":1,"featured_media":0,"parent":0,"menu_order":0,"comment_status":"closed","ping_status":"closed","template":"","meta":{"footnotes":""},"class_list":["post-6784","page","type-page","status-publish","hentry"],"yoast_head":"<!-- This site is optimized with the Yoast SEO plugin v25.5 - https:\/\/yoast.com\/wordpress\/plugins\/seo\/ -->\n<title>Yoga en familia - Marta Yoga Ibiza<\/title>\n<meta name=\"description\" content=\"Qu\u00e9 es Yoga en familia y qu\u00e9 beneficios. En Marta Yoga Ibiza puedes practicarlo de forma mensual, escr\u00edbeme para m\u00e1s informaci\u00f3n.\" \/>\n<meta name=\"robots\" content=\"index, follow, max-snippet:-1, max-image-preview:large, max-video-preview:-1\" \/>\n<link rel=\"canonical\" href=\"https:\/\/martayogaibiza.com\/index.php\/yoga-en-familia\/\" \/>\n<meta property=\"og:locale\" content=\"es_ES\" \/>\n<meta property=\"og:type\" content=\"article\" \/>\n<meta property=\"og:title\" content=\"Yoga en familia - Marta Yoga Ibiza\" \/>\n<meta property=\"og:description\" content=\"Qu\u00e9 es Yoga en familia y qu\u00e9 beneficios. En Marta Yoga Ibiza puedes practicarlo de forma mensual, escr\u00edbeme para m\u00e1s informaci\u00f3n.\" \/>\n<meta property=\"og:url\" content=\"https:\/\/martayogaibiza.com\/index.php\/yoga-en-familia\/\" \/>\n<meta property=\"og:site_name\" content=\"Marta Yoga Ibiza\" \/>\n<meta property=\"article:publisher\" content=\"https:\/\/www.facebook.com\/MartaYogaIbiza\/\" \/>\n<meta property=\"article:modified_time\" content=\"2024-08-08T10:19:46+00:00\" \/>\n<meta property=\"og:image\" content=\"http:\/\/martayogaibiza.com\/wp-content\/uploads\/2024\/06\/IMG_3732-1-1-scaled.jpg\" \/>\n<meta name=\"twitter:card\" content=\"summary_large_image\" \/>\n<meta name=\"twitter:label1\" content=\"Tiempo de lectura\" \/>\n\t<meta name=\"twitter:data1\" content=\"1 minuto\" \/>\n<script type=\"application\/ld+json\" class=\"yoast-schema-graph\">{\"@context\":\"https:\/\/schema.org\",\"@graph\":[{\"@type\":\"WebPage\",\"@id\":\"https:\/\/martayogaibiza.com\/index.php\/yoga-en-familia\/\",\"url\":\"https:\/\/martayogaibiza.com\/index.php\/yoga-en-familia\/\",\"name\":\"Yoga en familia - Marta Yoga Ibiza\",\"isPartOf\":{\"@id\":\"https:\/\/martayogaibiza.com\/#website\"},\"primaryImageOfPage\":{\"@id\":\"https:\/\/martayogaibiza.com\/index.php\/yoga-en-familia\/#primaryimage\"},\"image\":{\"@id\":\"https:\/\/martayogaibiza.com\/index.php\/yoga-en-familia\/#primaryimage\"},\"thumbnailUrl\":\"http:\/\/martayogaibiza.com\/wp-content\/uploads\/2024\/06\/IMG_3732-1-1-scaled.jpg\",\"datePublished\":\"2024-06-27T20:36:02+00:00\",\"dateModified\":\"2024-08-08T10:19:46+00:00\",\"description\":\"Qu\u00e9 es Yoga en familia y qu\u00e9 beneficios. En Marta Yoga Ibiza puedes practicarlo de forma mensual, escr\u00edbeme para m\u00e1s informaci\u00f3n.\",\"breadcrumb\":{\"@id\":\"https:\/\/martayogaibiza.com\/index.php\/yoga-en-familia\/#breadcrumb\"},\"inLanguage\":\"es\",\"potentialAction\":[{\"@type\":\"ReadAction\",\"target\":[\"https:\/\/martayogaibiza.com\/index.php\/yoga-en-familia\/\"]}]},{\"@type\":\"ImageObject\",\"inLanguage\":\"es\",\"@id\":\"https:\/\/martayogaibiza.com\/index.php\/yoga-en-familia\/#primaryimage\",\"url\":\"https:\/\/martayogaibiza.com\/wp-content\/uploads\/2024\/06\/IMG_3732-1-1-scaled.jpg\",\"contentUrl\":\"https:\/\/martayogaibiza.com\/wp-content\/uploads\/2024\/06\/IMG_3732-1-1-scaled.jpg\",\"width\":1858,\"height\":2560},{\"@type\":\"BreadcrumbList\",\"@id\":\"https:\/\/martayogaibiza.com\/index.php\/yoga-en-familia\/#breadcrumb\",\"itemListElement\":[{\"@type\":\"ListItem\",\"position\":1,\"name\":\"Portada\",\"item\":\"https:\/\/martayogaibiza.com\/\"},{\"@type\":\"ListItem\",\"position\":2,\"name\":\"Yoga en familia\"}]},{\"@type\":\"WebSite\",\"@id\":\"https:\/\/martayogaibiza.com\/#website\",\"url\":\"https:\/\/martayogaibiza.com\/\",\"name\":\"Marta Yoga Ibiza\",\"description\":\"Yoga en Ibiza\",\"publisher\":{\"@id\":\"https:\/\/martayogaibiza.com\/#\/schema\/person\/92598a7f6f24a2bf61586cfdd3825a83\"},\"potentialAction\":[{\"@type\":\"SearchAction\",\"target\":{\"@type\":\"EntryPoint\",\"urlTemplate\":\"https:\/\/martayogaibiza.com\/?s={search_term_string}\"},\"query-input\":{\"@type\":\"PropertyValueSpecification\",\"valueRequired\":true,\"valueName\":\"search_term_string\"}}],\"inLanguage\":\"es\"},{\"@type\":[\"Person\",\"Organization\"],\"@id\":\"https:\/\/martayogaibiza.com\/#\/schema\/person\/92598a7f6f24a2bf61586cfdd3825a83\",\"name\":\"Marta Almagro\",\"image\":{\"@type\":\"ImageObject\",\"inLanguage\":\"es\",\"@id\":\"https:\/\/martayogaibiza.com\/#\/schema\/person\/image\/\",\"url\":\"https:\/\/martayogaibiza.com\/wp-content\/uploads\/2023\/01\/sin-fondo.png\",\"contentUrl\":\"https:\/\/martayogaibiza.com\/wp-content\/uploads\/2023\/01\/sin-fondo.png\",\"width\":489,\"height\":303,\"caption\":\"Marta Almagro\"},\"logo\":{\"@id\":\"https:\/\/martayogaibiza.com\/#\/schema\/person\/image\/\"},\"sameAs\":[\"http:\/\/martayogaibiza.com\",\"https:\/\/www.facebook.com\/MartaYogaIbiza\/\",\"https:\/\/www.instagram.com\/martayogaibiza\/\"]}]}<\/script>\n<!-- \/ Yoast SEO plugin. -->","yoast_head_json":{"title":"Yoga en familia - Marta Yoga Ibiza","description":"Qu\u00e9 es Yoga en familia y qu\u00e9 beneficios. En Marta Yoga Ibiza puedes practicarlo de forma mensual, escr\u00edbeme para m\u00e1s informaci\u00f3n.","robots":{"index":"index","follow":"follow","max-snippet":"max-snippet:-1","max-image-preview":"max-image-preview:large","max-video-preview":"max-video-preview:-1"},"canonical":"https:\/\/martayogaibiza.com\/index.php\/yoga-en-familia\/","og_locale":"es_ES","og_type":"article","og_title":"Yoga en familia - Marta Yoga Ibiza","og_description":"Qu\u00e9 es Yoga en familia y qu\u00e9 beneficios. En Marta Yoga Ibiza puedes practicarlo de forma mensual, escr\u00edbeme para m\u00e1s informaci\u00f3n.","og_url":"https:\/\/martayogaibiza.com\/index.php\/yoga-en-familia\/","og_site_name":"Marta Yoga Ibiza","article_publisher":"https:\/\/www.facebook.com\/MartaYogaIbiza\/","article_modified_time":"2024-08-08T10:19:46+00:00","og_image":[{"url":"http:\/\/martayogaibiza.com\/wp-content\/uploads\/2024\/06\/IMG_3732-1-1-scaled.jpg","type":"","width":"","height":""}],"twitter_card":"summary_large_image","twitter_misc":{"Tiempo de lectura":"1 minuto"},"schema":{"@context":"https:\/\/schema.org","@graph":[{"@type":"WebPage","@id":"https:\/\/martayogaibiza.com\/index.php\/yoga-en-familia\/","url":"https:\/\/martayogaibiza.com\/index.php\/yoga-en-familia\/","name":"Yoga en familia - Marta Yoga Ibiza","isPartOf":{"@id":"https:\/\/martayogaibiza.com\/#website"},"primaryImageOfPage":{"@id":"https:\/\/martayogaibiza.com\/index.php\/yoga-en-familia\/#primaryimage"},"image":{"@id":"https:\/\/martayogaibiza.com\/index.php\/yoga-en-familia\/#primaryimage"},"thumbnailUrl":"http:\/\/martayogaibiza.com\/wp-content\/uploads\/2024\/06\/IMG_3732-1-1-scaled.jpg","datePublished":"2024-06-27T20:36:02+00:00","dateModified":"2024-08-08T10:19:46+00:00","description":"Qu\u00e9 es Yoga en familia y qu\u00e9 beneficios. En Marta Yoga Ibiza puedes practicarlo de forma mensual, escr\u00edbeme para m\u00e1s informaci\u00f3n.","breadcrumb":{"@id":"https:\/\/martayogaibiza.com\/index.php\/yoga-en-familia\/#breadcrumb"},"inLanguage":"es","potentialAction":[{"@type":"ReadAction","target":["https:\/\/martayogaibiza.com\/index.php\/yoga-en-familia\/"]}]},{"@type":"ImageObject","inLanguage":"es","@id":"https:\/\/martayogaibiza.com\/index.php\/yoga-en-familia\/#primaryimage","url":"https:\/\/martayogaibiza.com\/wp-content\/uploads\/2024\/06\/IMG_3732-1-1-scaled.jpg","contentUrl":"https:\/\/martayogaibiza.com\/wp-content\/uploads\/2024\/06\/IMG_3732-1-1-scaled.jpg","width":1858,"height":2560},{"@type":"BreadcrumbList","@id":"https:\/\/martayogaibiza.com\/index.php\/yoga-en-familia\/#breadcrumb","itemListElement":[{"@type":"ListItem","position":1,"name":"Portada","item":"https:\/\/martayogaibiza.com\/"},{"@type":"ListItem","position":2,"name":"Yoga en familia"}]},{"@type":"WebSite","@id":"https:\/\/martayogaibiza.com\/#website","url":"https:\/\/martayogaibiza.com\/","name":"Marta Yoga Ibiza","description":"Yoga en Ibiza","publisher":{"@id":"https:\/\/martayogaibiza.com\/#\/schema\/person\/92598a7f6f24a2bf61586cfdd3825a83"},"potentialAction":[{"@type":"SearchAction","target":{"@type":"EntryPoint","urlTemplate":"https:\/\/martayogaibiza.com\/?s={search_term_string}"},"query-input":{"@type":"PropertyValueSpecification","valueRequired":true,"valueName":"search_term_string"}}],"inLanguage":"es"},{"@type":["Person","Organization"],"@id":"https:\/\/martayogaibiza.com\/#\/schema\/person\/92598a7f6f24a2bf61586cfdd3825a83","name":"Marta Almagro","image":{"@type":"ImageObject","inLanguage":"es","@id":"https:\/\/martayogaibiza.com\/#\/schema\/person\/image\/","url":"https:\/\/martayogaibiza.com\/wp-content\/uploads\/2023\/01\/sin-fondo.png","contentUrl":"https:\/\/martayogaibiza.com\/wp-content\/uploads\/2023\/01\/sin-fondo.png","width":489,"height":303,"caption":"Marta Almagro"},"logo":{"@id":"https:\/\/martayogaibiza.com\/#\/schema\/person\/image\/"},"sameAs":["http:\/\/martayogaibiza.com","https:\/\/www.facebook.com\/MartaYogaIbiza\/","https:\/\/www.instagram.com\/martayogaibiza\/"]}]}},"_links":{"self":[{"href":"https:\/\/martayogaibiza.com\/index.php\/wp-json\/wp\/v2\/pages\/6784","targetHints":{"allow":["GET"]}}],"collection":[{"href":"https:\/\/martayogaibiza.com\/index.php\/wp-json\/wp\/v2\/pages"}],"about":[{"href":"https:\/\/martayogaibiza.com\/index.php\/wp-json\/wp\/v2\/types\/page"}],"author":[{"embeddable":true,"href":"https:\/\/martayogaibiza.com\/index.php\/wp-json\/wp\/v2\/users\/1"}],"replies":[{"embeddable":true,"href":"https:\/\/martayogaibiza.com\/index.php\/wp-json\/wp\/v2\/comments?post=6784"}],"version-history":[{"count":28,"href":"https:\/\/martayogaibiza.com\/index.php\/wp-json\/wp\/v2\/pages\/6784\/revisions"}],"predecessor-version":[{"id":7163,"href":"https:\/\/martayogaibiza.com\/index.php\/wp-json\/wp\/v2\/pages\/6784\/revisions\/7163"}],"wp:attachment":[{"href":"https:\/\/martayogaibiza.com\/index.php\/wp-json\/wp\/v2\/media?parent=6784"}],"curies":[{"name":"wp","href":"https:\/\/api.w.org\/{rel}","templated":true}]}}