{"id":6847,"date":"2024-06-27T21:34:32","date_gmt":"2024-06-27T21:34:32","guid":{"rendered":"https:\/\/martayogaibiza.com\/?page_id=6847"},"modified":"2025-08-02T13:16:48","modified_gmt":"2025-08-02T13:16:48","slug":"sivananda-yoga","status":"publish","type":"page","link":"https:\/\/martayogaibiza.com\/index.php\/sivananda-yoga\/","title":{"rendered":"Sivananda Yoga"},"content":{"rendered":"\t\t<div data-elementor-type=\"wp-page\" data-elementor-id=\"6847\" class=\"elementor elementor-6847\">\n\t\t\t\t\t\t<section class=\"elementor-section elementor-top-section elementor-element elementor-element-a4d6e16 elementor-section-boxed elementor-section-height-default elementor-section-height-default qodef-elementor-content-no\" data-id=\"a4d6e16\" data-element_type=\"section\">\n\t\t\t\t\t\t<div class=\"elementor-container elementor-column-gap-default\">\n\t\t\t\t\t<div class=\"elementor-column elementor-col-66 elementor-top-column elementor-element elementor-element-c254c02\" data-id=\"c254c02\" data-element_type=\"column\">\n\t\t\t<div class=\"elementor-widget-wrap elementor-element-populated\">\n\t\t\t\t\t\t<div class=\"elementor-element elementor-element-4ee6714 elementor-widget elementor-widget-text-editor\" data-id=\"4ee6714\" data-element_type=\"widget\" data-widget_type=\"text-editor.default\">\n\t\t\t\t<div class=\"elementor-widget-container\">\n\t\t\t\t\t\t\t\t\t<h3>Sivananda Yoga: Tradici\u00f3n, consciencia y armon\u00eda interior<\/h3><p class=\"a-b-r-La\">Sivananda Yoga es un<strong> sistema tradicional de yoga integral<\/strong> basado en las ense\u00f1anzas del maestro indio Swami Sivananda (1887\u20131963) y difundido en Occidente por su disc\u00edpulo Swami Vishnudevananda. Esta pr\u00e1ctica se inspira en cinco principios fundamentales del yoga: ejercicio adecuado (asanas), respiraci\u00f3n adecuada (pranayama), relajaci\u00f3n profunda (savasana), alimentaci\u00f3n equilibrada y pensamiento positivo con meditaci\u00f3n.<\/p><p class=\"a-b-r-La\">Cada clase sigue una <strong>estructura establecida<\/strong> que combina respiraci\u00f3n, canto de mantras, saludo al sol, las 12 posturas b\u00e1sicas (asanas) y relajaci\u00f3n final. Estas posturas han sido seleccionadas cuidadosamente para mantener el cuerpo sano, flexible y lleno de energ\u00eda, al mismo tiempo que equilibran el sistema nervioso y estimulan el flujo de energ\u00eda a trav\u00e9s de los chakras (centros energ\u00e9ticos).<\/p><p class=\"a-b-r-La\">Aunque la pr\u00e1ctica puede parecer simple en su forma externa, es profunda en su impacto, ya que <strong>cultiva una conciencia meditativa, fortalece el cuerpo y armoniza la mente.<\/strong><\/p><p class=\"a-b-r-La\">Las <strong>12 posturas cl\u00e1sicas<\/strong> trabajan sobre todo el cuerpo: 1. Sirshasana (postura sobre la cabeza) 2. Sarvangasana (vela) 3. Halasana (arado) 4. Matsyasana (pez) 5. Paschimottanasana (pinza) 6. Bhujangasana (cobra) 7. Salabhasana (langosta) 8. Dhanurasana (arco) 9. Ardha Matsyendrasana (torsi\u00f3n espinal) 10. Kakasana o Mayurasana (cuervo o pavo real) 11. Padahastasana (pinza de pie) 12. Trikonasana (tri\u00e1ngulo)<\/p><p class=\"a-b-r-La\">Estas posturas <strong>estimulan y equilibran los siete chakras<\/strong> principales, ayudando a desbloquear la energ\u00eda vital y favorecer el bienestar f\u00edsico, mental y emocional.<\/p><p class=\"a-b-r-La\"><strong>Beneficios<\/strong> de la pr\u00e1ctica regular<\/p><ul><li class=\"a-b-r-La\">Equilibra el sistema nervioso y endocrino<\/li><li class=\"a-b-r-La\">Fortalece la columna y mejora la postura<\/li><li class=\"a-b-r-La\">Estimula los \u00f3rganos internos y el flujo energ\u00e9tico<\/li><li class=\"a-b-r-La\">Mejora la concentraci\u00f3n, la calma mental y el enfoque<\/li><li class=\"a-b-r-La\">Promueve una sensaci\u00f3n de paz, claridad y bienestar duradero<\/li><\/ul><p class=\"a-b-r-La\">Las <strong>clases est\u00e1n abiertas a todos los niveles y se adaptan al ritmo de cada practicante<\/strong>, ofreciendo un espacio para profundizar en la pr\u00e1ctica interior desde una perspectiva tradicional, consciente y transformadora.<\/p><p class=\"a-b-r-La\">Ven a descubrir esta pr\u00e1ctica transformadora <strong>cada jueves en el estudio<\/strong>. Un espacio para equilibrar cuerpo, mente y energ\u00eda desde la tradici\u00f3n del yoga.<\/p>\t\t\t\t\t\t\t\t<\/div>\n\t\t\t\t<\/div>\n\t\t\t\t\t<\/div>\n\t\t<\/div>\n\t\t\t\t<div class=\"elementor-column elementor-col-33 elementor-top-column elementor-element elementor-element-26f0eb8\" data-id=\"26f0eb8\" data-element_type=\"column\">\n\t\t\t<div class=\"elementor-widget-wrap elementor-element-populated\">\n\t\t\t\t\t\t<div class=\"elementor-element elementor-element-42a8620 elementor-widget elementor-widget-image\" data-id=\"42a8620\" data-element_type=\"widget\" data-widget_type=\"image.default\">\n\t\t\t\t<div class=\"elementor-widget-container\">\n\t\t\t\t\t\t\t\t\t\t\t\t\t\t\t<img fetchpriority=\"high\" decoding=\"async\" width=\"1178\" height=\"1796\" src=\"data:image\/gif;base64,R0lGODlhAQABAIAAAAAAAP\/\/\/yH5BAEAAAAALAAAAAABAAEAAAIBRAA7\" data-src=\"https:\/\/martayogaibiza.com\/wp-content\/uploads\/2025\/07\/sivananda-yoga-ibiza-marta-5.jpg\" class=\"attachment-full size-full wp-image-8580 lazyload\" alt=\"\" data-srcset=\"https:\/\/martayogaibiza.com\/wp-content\/uploads\/2025\/07\/sivananda-yoga-ibiza-marta-5.jpg 1178w, https:\/\/martayogaibiza.com\/wp-content\/uploads\/2025\/07\/sivananda-yoga-ibiza-marta-5-197x300.jpg 197w, https:\/\/martayogaibiza.com\/wp-content\/uploads\/2025\/07\/sivananda-yoga-ibiza-marta-5-672x1024.jpg 672w, https:\/\/martayogaibiza.com\/wp-content\/uploads\/2025\/07\/sivananda-yoga-ibiza-marta-5-768x1171.jpg 768w, https:\/\/martayogaibiza.com\/wp-content\/uploads\/2025\/07\/sivananda-yoga-ibiza-marta-5-1007x1536.jpg 1007w\" sizes=\"(max-width: 1178px) 100vw, 1178px\" \/><noscript><img decoding=\"async\" width=\"1178\" height=\"1796\" src=\"https:\/\/martayogaibiza.com\/wp-content\/uploads\/2025\/07\/sivananda-yoga-ibiza-marta-5.jpg\" class=\"attachment-full size-full wp-image-8580 lazyload\" alt=\"\" srcset=\"https:\/\/martayogaibiza.com\/wp-content\/uploads\/2025\/07\/sivananda-yoga-ibiza-marta-5.jpg 1178w, https:\/\/martayogaibiza.com\/wp-content\/uploads\/2025\/07\/sivananda-yoga-ibiza-marta-5-197x300.jpg 197w, https:\/\/martayogaibiza.com\/wp-content\/uploads\/2025\/07\/sivananda-yoga-ibiza-marta-5-672x1024.jpg 672w, https:\/\/martayogaibiza.com\/wp-content\/uploads\/2025\/07\/sivananda-yoga-ibiza-marta-5-768x1171.jpg 768w, https:\/\/martayogaibiza.com\/wp-content\/uploads\/2025\/07\/sivananda-yoga-ibiza-marta-5-1007x1536.jpg 1007w\" sizes=\"(max-width: 1178px) 100vw, 1178px\" \/><\/noscript>\t\t\t\t\t\t\t\t\t\t\t\t\t\t\t<\/div>\n\t\t\t\t<\/div>\n\t\t\t\t<div class=\"elementor-element elementor-element-5ddca4d elementor-widget elementor-widget-image\" data-id=\"5ddca4d\" data-element_type=\"widget\" data-widget_type=\"image.default\">\n\t\t\t\t<div class=\"elementor-widget-container\">\n\t\t\t\t\t\t\t\t\t\t\t\t\t\t\t<img decoding=\"async\" width=\"1179\" height=\"1756\" src=\"data:image\/gif;base64,R0lGODlhAQABAIAAAAAAAP\/\/\/yH5BAEAAAAALAAAAAABAAEAAAIBRAA7\" data-src=\"https:\/\/martayogaibiza.com\/wp-content\/uploads\/2025\/07\/sivananda-yoga-ibiza-marta-4-1.jpg\" class=\"attachment-full size-full wp-image-8586 lazyload\" alt=\"\" data-srcset=\"https:\/\/martayogaibiza.com\/wp-content\/uploads\/2025\/07\/sivananda-yoga-ibiza-marta-4-1.jpg 1179w, https:\/\/martayogaibiza.com\/wp-content\/uploads\/2025\/07\/sivananda-yoga-ibiza-marta-4-1-201x300.jpg 201w, https:\/\/martayogaibiza.com\/wp-content\/uploads\/2025\/07\/sivananda-yoga-ibiza-marta-4-1-688x1024.jpg 688w, https:\/\/martayogaibiza.com\/wp-content\/uploads\/2025\/07\/sivananda-yoga-ibiza-marta-4-1-768x1144.jpg 768w, https:\/\/martayogaibiza.com\/wp-content\/uploads\/2025\/07\/sivananda-yoga-ibiza-marta-4-1-1031x1536.jpg 1031w\" sizes=\"(max-width: 1179px) 100vw, 1179px\" \/><noscript><img loading=\"lazy\" decoding=\"async\" width=\"1179\" height=\"1756\" src=\"https:\/\/martayogaibiza.com\/wp-content\/uploads\/2025\/07\/sivananda-yoga-ibiza-marta-4-1.jpg\" class=\"attachment-full size-full wp-image-8586 lazyload\" alt=\"\" srcset=\"https:\/\/martayogaibiza.com\/wp-content\/uploads\/2025\/07\/sivananda-yoga-ibiza-marta-4-1.jpg 1179w, https:\/\/martayogaibiza.com\/wp-content\/uploads\/2025\/07\/sivananda-yoga-ibiza-marta-4-1-201x300.jpg 201w, https:\/\/martayogaibiza.com\/wp-content\/uploads\/2025\/07\/sivananda-yoga-ibiza-marta-4-1-688x1024.jpg 688w, https:\/\/martayogaibiza.com\/wp-content\/uploads\/2025\/07\/sivananda-yoga-ibiza-marta-4-1-768x1144.jpg 768w, https:\/\/martayogaibiza.com\/wp-content\/uploads\/2025\/07\/sivananda-yoga-ibiza-marta-4-1-1031x1536.jpg 1031w\" sizes=\"(max-width: 1179px) 100vw, 1179px\" \/><\/noscript>\t\t\t\t\t\t\t\t\t\t\t\t\t\t\t<\/div>\n\t\t\t\t<\/div>\n\t\t\t\t\t<\/div>\n\t\t<\/div>\n\t\t\t\t\t<\/div>\n\t\t<\/section>\n\t\t\t\t<section class=\"elementor-section elementor-top-section elementor-element elementor-element-a829245 elementor-section-full_width qodef-elementor-content-grid elementor-section-height-default elementor-section-height-default\" data-id=\"a829245\" data-element_type=\"section\">\n\t\t\t\t\t\t<div class=\"elementor-container elementor-column-gap-default\">\n\t\t\t\t\t<div class=\"elementor-column elementor-col-50 elementor-top-column elementor-element elementor-element-75fbd67\" data-id=\"75fbd67\" data-element_type=\"column\">\n\t\t\t<div class=\"elementor-widget-wrap\">\n\t\t\t\t\t\t\t<\/div>\n\t\t<\/div>\n\t\t\t\t<div class=\"elementor-column elementor-col-50 elementor-top-column elementor-element elementor-element-d711675\" data-id=\"d711675\" data-element_type=\"column\">\n\t\t\t<div class=\"elementor-widget-wrap\">\n\t\t\t\t\t\t\t<\/div>\n\t\t<\/div>\n\t\t\t\t\t<\/div>\n\t\t<\/section>\n\t\t\t\t<\/div>\n\t\t","protected":false},"excerpt":{"rendered":"<p>Sivananda Yoga: Tradici\u00f3n, consciencia y armon\u00eda interior Sivananda Yoga es un sistema tradicional de yoga integral basado en las ense\u00f1anzas del maestro indio Swami Sivananda (1887\u20131963) y difundido en Occidente por su disc\u00edpulo Swami Vishnudevananda. Esta pr\u00e1ctica se inspira en cinco principios fundamentales del yoga: ejercicio adecuado (asanas), respiraci\u00f3n adecuada (pranayama), relajaci\u00f3n profunda (savasana), alimentaci\u00f3n [&hellip;]<\/p>\n","protected":false},"author":1,"featured_media":0,"parent":0,"menu_order":0,"comment_status":"closed","ping_status":"closed","template":"","meta":{"footnotes":""},"class_list":["post-6847","page","type-page","status-publish","hentry"],"yoast_head":"<!-- This site is optimized with the Yoast SEO plugin v25.5 - https:\/\/yoast.com\/wordpress\/plugins\/seo\/ -->\n<title>Sivananda Yoga - Marta Yoga Ibiza<\/title>\n<meta name=\"description\" content=\"Qu\u00e9 es Sivananda Yoga y qu\u00e9 beneficios tiene para tu bienestar f\u00edsico y mental. En Marta Yoga Ibiza puedes practicarlo semanalmente.\" \/>\n<meta name=\"robots\" content=\"index, follow, max-snippet:-1, max-image-preview:large, max-video-preview:-1\" \/>\n<link rel=\"canonical\" href=\"https:\/\/martayogaibiza.com\/index.php\/sivananda-yoga\/\" \/>\n<meta property=\"og:locale\" content=\"es_ES\" \/>\n<meta property=\"og:type\" content=\"article\" \/>\n<meta property=\"og:title\" content=\"Sivananda Yoga - Marta Yoga Ibiza\" \/>\n<meta property=\"og:description\" content=\"Qu\u00e9 es Sivananda Yoga y qu\u00e9 beneficios tiene para tu bienestar f\u00edsico y mental. En Marta Yoga Ibiza puedes practicarlo semanalmente.\" \/>\n<meta property=\"og:url\" content=\"https:\/\/martayogaibiza.com\/index.php\/sivananda-yoga\/\" \/>\n<meta property=\"og:site_name\" content=\"Marta Yoga Ibiza\" \/>\n<meta property=\"article:publisher\" content=\"https:\/\/www.facebook.com\/MartaYogaIbiza\/\" \/>\n<meta property=\"article:modified_time\" content=\"2025-08-02T13:16:48+00:00\" \/>\n<meta property=\"og:image\" content=\"https:\/\/martayogaibiza.com\/wp-content\/uploads\/2025\/07\/sivananda-yoga-ibiza-marta-5.jpg\" \/>\n\t<meta property=\"og:image:width\" content=\"1178\" \/>\n\t<meta property=\"og:image:height\" content=\"1796\" \/>\n\t<meta property=\"og:image:type\" content=\"image\/jpeg\" \/>\n<meta name=\"twitter:card\" content=\"summary_large_image\" \/>\n<meta name=\"twitter:label1\" content=\"Tiempo de lectura\" \/>\n\t<meta name=\"twitter:data1\" content=\"2 minutos\" \/>\n<script type=\"application\/ld+json\" class=\"yoast-schema-graph\">{\"@context\":\"https:\/\/schema.org\",\"@graph\":[{\"@type\":\"WebPage\",\"@id\":\"https:\/\/martayogaibiza.com\/index.php\/sivananda-yoga\/\",\"url\":\"https:\/\/martayogaibiza.com\/index.php\/sivananda-yoga\/\",\"name\":\"Sivananda Yoga - Marta Yoga Ibiza\",\"isPartOf\":{\"@id\":\"https:\/\/martayogaibiza.com\/#website\"},\"primaryImageOfPage\":{\"@id\":\"https:\/\/martayogaibiza.com\/index.php\/sivananda-yoga\/#primaryimage\"},\"image\":{\"@id\":\"https:\/\/martayogaibiza.com\/index.php\/sivananda-yoga\/#primaryimage\"},\"thumbnailUrl\":\"https:\/\/martayogaibiza.com\/wp-content\/uploads\/2025\/07\/sivananda-yoga-ibiza-marta-5.jpg\",\"datePublished\":\"2024-06-27T21:34:32+00:00\",\"dateModified\":\"2025-08-02T13:16:48+00:00\",\"description\":\"Qu\u00e9 es Sivananda Yoga y qu\u00e9 beneficios tiene para tu bienestar f\u00edsico y mental. En Marta Yoga Ibiza puedes practicarlo semanalmente.\",\"breadcrumb\":{\"@id\":\"https:\/\/martayogaibiza.com\/index.php\/sivananda-yoga\/#breadcrumb\"},\"inLanguage\":\"es\",\"potentialAction\":[{\"@type\":\"ReadAction\",\"target\":[\"https:\/\/martayogaibiza.com\/index.php\/sivananda-yoga\/\"]}]},{\"@type\":\"ImageObject\",\"inLanguage\":\"es\",\"@id\":\"https:\/\/martayogaibiza.com\/index.php\/sivananda-yoga\/#primaryimage\",\"url\":\"https:\/\/martayogaibiza.com\/wp-content\/uploads\/2025\/07\/sivananda-yoga-ibiza-marta-5.jpg\",\"contentUrl\":\"https:\/\/martayogaibiza.com\/wp-content\/uploads\/2025\/07\/sivananda-yoga-ibiza-marta-5.jpg\",\"width\":1178,\"height\":1796},{\"@type\":\"BreadcrumbList\",\"@id\":\"https:\/\/martayogaibiza.com\/index.php\/sivananda-yoga\/#breadcrumb\",\"itemListElement\":[{\"@type\":\"ListItem\",\"position\":1,\"name\":\"Portada\",\"item\":\"https:\/\/martayogaibiza.com\/\"},{\"@type\":\"ListItem\",\"position\":2,\"name\":\"Sivananda Yoga\"}]},{\"@type\":\"WebSite\",\"@id\":\"https:\/\/martayogaibiza.com\/#website\",\"url\":\"https:\/\/martayogaibiza.com\/\",\"name\":\"Marta Yoga Ibiza\",\"description\":\"Yoga en Ibiza\",\"publisher\":{\"@id\":\"https:\/\/martayogaibiza.com\/#\/schema\/person\/92598a7f6f24a2bf61586cfdd3825a83\"},\"potentialAction\":[{\"@type\":\"SearchAction\",\"target\":{\"@type\":\"EntryPoint\",\"urlTemplate\":\"https:\/\/martayogaibiza.com\/?s={search_term_string}\"},\"query-input\":{\"@type\":\"PropertyValueSpecification\",\"valueRequired\":true,\"valueName\":\"search_term_string\"}}],\"inLanguage\":\"es\"},{\"@type\":[\"Person\",\"Organization\"],\"@id\":\"https:\/\/martayogaibiza.com\/#\/schema\/person\/92598a7f6f24a2bf61586cfdd3825a83\",\"name\":\"Marta Almagro\",\"image\":{\"@type\":\"ImageObject\",\"inLanguage\":\"es\",\"@id\":\"https:\/\/martayogaibiza.com\/#\/schema\/person\/image\/\",\"url\":\"https:\/\/martayogaibiza.com\/wp-content\/uploads\/2023\/01\/sin-fondo.png\",\"contentUrl\":\"https:\/\/martayogaibiza.com\/wp-content\/uploads\/2023\/01\/sin-fondo.png\",\"width\":489,\"height\":303,\"caption\":\"Marta Almagro\"},\"logo\":{\"@id\":\"https:\/\/martayogaibiza.com\/#\/schema\/person\/image\/\"},\"sameAs\":[\"http:\/\/martayogaibiza.com\",\"https:\/\/www.facebook.com\/MartaYogaIbiza\/\",\"https:\/\/www.instagram.com\/martayogaibiza\/\"]}]}<\/script>\n<!-- \/ Yoast SEO plugin. -->","yoast_head_json":{"title":"Sivananda Yoga - Marta Yoga Ibiza","description":"Qu\u00e9 es Sivananda Yoga y qu\u00e9 beneficios tiene para tu bienestar f\u00edsico y mental. En Marta Yoga Ibiza puedes practicarlo semanalmente.","robots":{"index":"index","follow":"follow","max-snippet":"max-snippet:-1","max-image-preview":"max-image-preview:large","max-video-preview":"max-video-preview:-1"},"canonical":"https:\/\/martayogaibiza.com\/index.php\/sivananda-yoga\/","og_locale":"es_ES","og_type":"article","og_title":"Sivananda Yoga - Marta Yoga Ibiza","og_description":"Qu\u00e9 es Sivananda Yoga y qu\u00e9 beneficios tiene para tu bienestar f\u00edsico y mental. En Marta Yoga Ibiza puedes practicarlo semanalmente.","og_url":"https:\/\/martayogaibiza.com\/index.php\/sivananda-yoga\/","og_site_name":"Marta Yoga Ibiza","article_publisher":"https:\/\/www.facebook.com\/MartaYogaIbiza\/","article_modified_time":"2025-08-02T13:16:48+00:00","og_image":[{"width":1178,"height":1796,"url":"https:\/\/martayogaibiza.com\/wp-content\/uploads\/2025\/07\/sivananda-yoga-ibiza-marta-5.jpg","type":"image\/jpeg"}],"twitter_card":"summary_large_image","twitter_misc":{"Tiempo de lectura":"2 minutos"},"schema":{"@context":"https:\/\/schema.org","@graph":[{"@type":"WebPage","@id":"https:\/\/martayogaibiza.com\/index.php\/sivananda-yoga\/","url":"https:\/\/martayogaibiza.com\/index.php\/sivananda-yoga\/","name":"Sivananda Yoga - Marta Yoga Ibiza","isPartOf":{"@id":"https:\/\/martayogaibiza.com\/#website"},"primaryImageOfPage":{"@id":"https:\/\/martayogaibiza.com\/index.php\/sivananda-yoga\/#primaryimage"},"image":{"@id":"https:\/\/martayogaibiza.com\/index.php\/sivananda-yoga\/#primaryimage"},"thumbnailUrl":"https:\/\/martayogaibiza.com\/wp-content\/uploads\/2025\/07\/sivananda-yoga-ibiza-marta-5.jpg","datePublished":"2024-06-27T21:34:32+00:00","dateModified":"2025-08-02T13:16:48+00:00","description":"Qu\u00e9 es Sivananda Yoga y qu\u00e9 beneficios tiene para tu bienestar f\u00edsico y mental. En Marta Yoga Ibiza puedes practicarlo semanalmente.","breadcrumb":{"@id":"https:\/\/martayogaibiza.com\/index.php\/sivananda-yoga\/#breadcrumb"},"inLanguage":"es","potentialAction":[{"@type":"ReadAction","target":["https:\/\/martayogaibiza.com\/index.php\/sivananda-yoga\/"]}]},{"@type":"ImageObject","inLanguage":"es","@id":"https:\/\/martayogaibiza.com\/index.php\/sivananda-yoga\/#primaryimage","url":"https:\/\/martayogaibiza.com\/wp-content\/uploads\/2025\/07\/sivananda-yoga-ibiza-marta-5.jpg","contentUrl":"https:\/\/martayogaibiza.com\/wp-content\/uploads\/2025\/07\/sivananda-yoga-ibiza-marta-5.jpg","width":1178,"height":1796},{"@type":"BreadcrumbList","@id":"https:\/\/martayogaibiza.com\/index.php\/sivananda-yoga\/#breadcrumb","itemListElement":[{"@type":"ListItem","position":1,"name":"Portada","item":"https:\/\/martayogaibiza.com\/"},{"@type":"ListItem","position":2,"name":"Sivananda Yoga"}]},{"@type":"WebSite","@id":"https:\/\/martayogaibiza.com\/#website","url":"https:\/\/martayogaibiza.com\/","name":"Marta Yoga Ibiza","description":"Yoga en Ibiza","publisher":{"@id":"https:\/\/martayogaibiza.com\/#\/schema\/person\/92598a7f6f24a2bf61586cfdd3825a83"},"potentialAction":[{"@type":"SearchAction","target":{"@type":"EntryPoint","urlTemplate":"https:\/\/martayogaibiza.com\/?s={search_term_string}"},"query-input":{"@type":"PropertyValueSpecification","valueRequired":true,"valueName":"search_term_string"}}],"inLanguage":"es"},{"@type":["Person","Organization"],"@id":"https:\/\/martayogaibiza.com\/#\/schema\/person\/92598a7f6f24a2bf61586cfdd3825a83","name":"Marta Almagro","image":{"@type":"ImageObject","inLanguage":"es","@id":"https:\/\/martayogaibiza.com\/#\/schema\/person\/image\/","url":"https:\/\/martayogaibiza.com\/wp-content\/uploads\/2023\/01\/sin-fondo.png","contentUrl":"https:\/\/martayogaibiza.com\/wp-content\/uploads\/2023\/01\/sin-fondo.png","width":489,"height":303,"caption":"Marta Almagro"},"logo":{"@id":"https:\/\/martayogaibiza.com\/#\/schema\/person\/image\/"},"sameAs":["http:\/\/martayogaibiza.com","https:\/\/www.facebook.com\/MartaYogaIbiza\/","https:\/\/www.instagram.com\/martayogaibiza\/"]}]}},"_links":{"self":[{"href":"https:\/\/martayogaibiza.com\/index.php\/wp-json\/wp\/v2\/pages\/6847","targetHints":{"allow":["GET"]}}],"collection":[{"href":"https:\/\/martayogaibiza.com\/index.php\/wp-json\/wp\/v2\/pages"}],"about":[{"href":"https:\/\/martayogaibiza.com\/index.php\/wp-json\/wp\/v2\/types\/page"}],"author":[{"embeddable":true,"href":"https:\/\/martayogaibiza.com\/index.php\/wp-json\/wp\/v2\/users\/1"}],"replies":[{"embeddable":true,"href":"https:\/\/martayogaibiza.com\/index.php\/wp-json\/wp\/v2\/comments?post=6847"}],"version-history":[{"count":31,"href":"https:\/\/martayogaibiza.com\/index.php\/wp-json\/wp\/v2\/pages\/6847\/revisions"}],"predecessor-version":[{"id":8725,"href":"https:\/\/martayogaibiza.com\/index.php\/wp-json\/wp\/v2\/pages\/6847\/revisions\/8725"}],"wp:attachment":[{"href":"https:\/\/martayogaibiza.com\/index.php\/wp-json\/wp\/v2\/media?parent=6847"}],"curies":[{"name":"wp","href":"https:\/\/api.w.org\/{rel}","templated":true}]}}