{"id":8693,"date":"2025-08-02T12:51:56","date_gmt":"2025-08-02T12:51:56","guid":{"rendered":"https:\/\/martayogaibiza.com\/?page_id=8693"},"modified":"2025-08-02T13:02:36","modified_gmt":"2025-08-02T13:02:36","slug":"power-vinyasa-yoga","status":"publish","type":"page","link":"https:\/\/martayogaibiza.com\/index.php\/power-vinyasa-yoga\/","title":{"rendered":"Power Vinyasa Yoga"},"content":{"rendered":"\t\t<div data-elementor-type=\"wp-page\" data-elementor-id=\"8693\" class=\"elementor elementor-8693\">\n\t\t\t\t\t\t<section class=\"elementor-section elementor-top-section elementor-element elementor-element-45fde4e elementor-section-boxed elementor-section-height-default elementor-section-height-default qodef-elementor-content-no\" data-id=\"45fde4e\" data-element_type=\"section\">\n\t\t\t\t\t\t<div class=\"elementor-container elementor-column-gap-wider\">\n\t\t\t\t\t<div class=\"elementor-column elementor-col-33 elementor-top-column elementor-element elementor-element-ec03250\" data-id=\"ec03250\" data-element_type=\"column\">\n\t\t\t<div class=\"elementor-widget-wrap elementor-element-populated\">\n\t\t\t\t\t\t<div class=\"elementor-element elementor-element-ac21c21 elementor-widget elementor-widget-spacer\" data-id=\"ac21c21\" data-element_type=\"widget\" data-widget_type=\"spacer.default\">\n\t\t\t\t<div class=\"elementor-widget-container\">\n\t\t\t\t\t\t\t<div class=\"elementor-spacer\">\n\t\t\t<div class=\"elementor-spacer-inner\"><\/div>\n\t\t<\/div>\n\t\t\t\t\t\t<\/div>\n\t\t\t\t<\/div>\n\t\t\t\t<div class=\"elementor-element elementor-element-291eded elementor-widget elementor-widget-image\" data-id=\"291eded\" data-element_type=\"widget\" data-widget_type=\"image.default\">\n\t\t\t\t<div class=\"elementor-widget-container\">\n\t\t\t\t\t\t\t\t\t\t\t\t\t\t\t<img fetchpriority=\"high\" decoding=\"async\" width=\"683\" height=\"1024\" src=\"data:image\/gif;base64,R0lGODlhAQABAIAAAAAAAP\/\/\/yH5BAEAAAAALAAAAAABAAEAAAIBRAA7\" data-src=\"https:\/\/martayogaibiza.com\/wp-content\/uploads\/2025\/08\/power-vinyasa-marta-yoga-ibiza-5-683x1024.jpg\" class=\"attachment-large size-large wp-image-8653 lazyload\" alt=\"\" data-srcset=\"https:\/\/martayogaibiza.com\/wp-content\/uploads\/2025\/08\/power-vinyasa-marta-yoga-ibiza-5-683x1024.jpg 683w, https:\/\/martayogaibiza.com\/wp-content\/uploads\/2025\/08\/power-vinyasa-marta-yoga-ibiza-5-200x300.jpg 200w, https:\/\/martayogaibiza.com\/wp-content\/uploads\/2025\/08\/power-vinyasa-marta-yoga-ibiza-5-768x1152.jpg 768w, https:\/\/martayogaibiza.com\/wp-content\/uploads\/2025\/08\/power-vinyasa-marta-yoga-ibiza-5-1024x1536.jpg 1024w, https:\/\/martayogaibiza.com\/wp-content\/uploads\/2025\/08\/power-vinyasa-marta-yoga-ibiza-5-1366x2048.jpg 1366w, https:\/\/martayogaibiza.com\/wp-content\/uploads\/2025\/08\/power-vinyasa-marta-yoga-ibiza-5-scaled.jpg 1707w\" sizes=\"(max-width: 683px) 100vw, 683px\" \/><noscript><img decoding=\"async\" width=\"683\" height=\"1024\" src=\"https:\/\/martayogaibiza.com\/wp-content\/uploads\/2025\/08\/power-vinyasa-marta-yoga-ibiza-5-683x1024.jpg\" class=\"attachment-large size-large wp-image-8653 lazyload\" alt=\"\" srcset=\"https:\/\/martayogaibiza.com\/wp-content\/uploads\/2025\/08\/power-vinyasa-marta-yoga-ibiza-5-683x1024.jpg 683w, https:\/\/martayogaibiza.com\/wp-content\/uploads\/2025\/08\/power-vinyasa-marta-yoga-ibiza-5-200x300.jpg 200w, https:\/\/martayogaibiza.com\/wp-content\/uploads\/2025\/08\/power-vinyasa-marta-yoga-ibiza-5-768x1152.jpg 768w, https:\/\/martayogaibiza.com\/wp-content\/uploads\/2025\/08\/power-vinyasa-marta-yoga-ibiza-5-1024x1536.jpg 1024w, https:\/\/martayogaibiza.com\/wp-content\/uploads\/2025\/08\/power-vinyasa-marta-yoga-ibiza-5-1366x2048.jpg 1366w, https:\/\/martayogaibiza.com\/wp-content\/uploads\/2025\/08\/power-vinyasa-marta-yoga-ibiza-5-scaled.jpg 1707w\" sizes=\"(max-width: 683px) 100vw, 683px\" \/><\/noscript>\t\t\t\t\t\t\t\t\t\t\t\t\t\t\t<\/div>\n\t\t\t\t<\/div>\n\t\t\t\t\t<\/div>\n\t\t<\/div>\n\t\t\t\t<div class=\"elementor-column elementor-col-66 elementor-top-column elementor-element elementor-element-df11eff\" data-id=\"df11eff\" data-element_type=\"column\">\n\t\t\t<div class=\"elementor-widget-wrap elementor-element-populated\">\n\t\t\t\t\t\t<div class=\"elementor-element elementor-element-50f66aaa elementor-widget elementor-widget-text-editor\" data-id=\"50f66aaa\" data-element_type=\"widget\" data-widget_type=\"text-editor.default\">\n\t\t\t\t<div class=\"elementor-widget-container\">\n\t\t\t\t\t\t\t\t\t<h3 class=\"a-b-r-La\">Power Vinyasa Yoga (basado en la Serie 1 y 2)<\/h3><p class=\"a-b-r-La\">Una pr\u00e1ctica din\u00e1mica, creativa y desafiante para activar cuerpo y mente.<\/p><p class=\"a-b-r-La\">Esta clase se inspira en las series cl\u00e1sicas de Rocket Yoga, ofreciendo una secuencia estructurada que combina posturas de fuerza, equilibrio y flexibilidad, con transiciones fluidas y enfoque en la respiraci\u00f3n. Es ideal para quienes buscan una pr\u00e1ctica potente, consciente y con ritmo.<\/p><h3 class=\"a-b-r-La\">Origen<\/h3><p class=\"a-b-r-La\">Power Vinyasa Yoga nace como evoluci\u00f3n del Vinyasa tradicional, incorporando secuencias m\u00e1s din\u00e1micas y contempor\u00e1neas. En esta clase trabajamos con la base de las Series 1 y 2 del m\u00e9todo Rocket Yoga, manteniendo su esencia energ\u00e9tica y adaptable, sin seguir un linaje oficial.<\/p><h3 class=\"a-b-r-La\">Beneficios<\/h3><ul><li class=\"a-b-r-La\">Mejora la fuerza y el tono muscular<\/li><li class=\"a-b-r-La\">Aumenta la movilidad y la flexibilidad<\/li><li class=\"a-b-r-La\">Estimula el sistema cardiovascular<\/li><li class=\"a-b-r-La\">Refuerza el enfoque mental y la presencia<\/li><li class=\"a-b-r-La\">Eleva la energ\u00eda vital y potencia la autoestima<\/li><\/ul><p><!-- \/wp:paragraph --><\/p>\t\t\t\t\t\t\t\t<\/div>\n\t\t\t\t<\/div>\n\t\t\t\t\t<\/div>\n\t\t<\/div>\n\t\t\t\t\t<\/div>\n\t\t<\/section>\n\t\t\t\t<section class=\"elementor-section elementor-top-section elementor-element elementor-element-7dea59ff elementor-section-full_width elementor-section-height-default elementor-section-height-default qodef-elementor-content-no\" data-id=\"7dea59ff\" data-element_type=\"section\">\n\t\t\t\t\t\t<div class=\"elementor-container elementor-column-gap-default\">\n\t\t\t\t\t<div class=\"elementor-column elementor-col-100 elementor-top-column elementor-element elementor-element-32af47b5\" data-id=\"32af47b5\" data-element_type=\"column\">\n\t\t\t<div class=\"elementor-widget-wrap\">\n\t\t\t\t\t\t\t<\/div>\n\t\t<\/div>\n\t\t\t\t\t<\/div>\n\t\t<\/section>\n\t\t\t\t<\/div>\n\t\t","protected":false},"excerpt":{"rendered":"<p>Power Vinyasa Yoga (basado en la Serie 1 y 2) Una pr\u00e1ctica din\u00e1mica, creativa y desafiante para activar cuerpo y mente. Esta clase se inspira en las series cl\u00e1sicas de Rocket Yoga, ofreciendo una secuencia estructurada que combina posturas de fuerza, equilibrio y flexibilidad, con transiciones fluidas y enfoque en la respiraci\u00f3n. Es ideal para [&hellip;]<\/p>\n","protected":false},"author":1,"featured_media":0,"parent":0,"menu_order":0,"comment_status":"closed","ping_status":"closed","template":"","meta":{"footnotes":""},"class_list":["post-8693","page","type-page","status-publish","hentry"],"yoast_head":"<!-- This site is optimized with the Yoast SEO plugin v25.5 - https:\/\/yoast.com\/wordpress\/plugins\/seo\/ -->\n<title>Power Vinyasa Yoga - Marta Yoga Ibiza<\/title>\n<meta name=\"description\" content=\"Qu\u00e9 es Power Vinyasa Yoga y qu\u00e9 beneficios tiene para tu bienestar f\u00edsico y mental. En Marta Yoga Ibiza puedes practicarlo semanalmente.\" \/>\n<meta name=\"robots\" content=\"index, follow, max-snippet:-1, max-image-preview:large, max-video-preview:-1\" \/>\n<link rel=\"canonical\" href=\"https:\/\/martayogaibiza.com\/index.php\/power-vinyasa-yoga\/\" \/>\n<meta property=\"og:locale\" content=\"es_ES\" \/>\n<meta property=\"og:type\" content=\"article\" \/>\n<meta property=\"og:title\" content=\"Power Vinyasa Yoga - Marta Yoga Ibiza\" \/>\n<meta property=\"og:description\" content=\"Qu\u00e9 es Power Vinyasa Yoga y qu\u00e9 beneficios tiene para tu bienestar f\u00edsico y mental. En Marta Yoga Ibiza puedes practicarlo semanalmente.\" \/>\n<meta property=\"og:url\" content=\"https:\/\/martayogaibiza.com\/index.php\/power-vinyasa-yoga\/\" \/>\n<meta property=\"og:site_name\" content=\"Marta Yoga Ibiza\" \/>\n<meta property=\"article:publisher\" content=\"https:\/\/www.facebook.com\/MartaYogaIbiza\/\" \/>\n<meta property=\"article:modified_time\" content=\"2025-08-02T13:02:36+00:00\" \/>\n<meta property=\"og:image\" content=\"https:\/\/martayogaibiza.com\/wp-content\/uploads\/2025\/08\/power-vinyasa-marta-yoga-ibiza-5-scaled.jpg\" \/>\n\t<meta property=\"og:image:width\" content=\"1707\" \/>\n\t<meta property=\"og:image:height\" content=\"2560\" \/>\n\t<meta property=\"og:image:type\" content=\"image\/jpeg\" \/>\n<meta name=\"twitter:card\" content=\"summary_large_image\" \/>\n<meta name=\"twitter:label1\" content=\"Tiempo de lectura\" \/>\n\t<meta name=\"twitter:data1\" content=\"1 minuto\" \/>\n<script type=\"application\/ld+json\" class=\"yoast-schema-graph\">{\"@context\":\"https:\/\/schema.org\",\"@graph\":[{\"@type\":\"WebPage\",\"@id\":\"https:\/\/martayogaibiza.com\/index.php\/power-vinyasa-yoga\/\",\"url\":\"https:\/\/martayogaibiza.com\/index.php\/power-vinyasa-yoga\/\",\"name\":\"Power Vinyasa Yoga - Marta Yoga Ibiza\",\"isPartOf\":{\"@id\":\"https:\/\/martayogaibiza.com\/#website\"},\"primaryImageOfPage\":{\"@id\":\"https:\/\/martayogaibiza.com\/index.php\/power-vinyasa-yoga\/#primaryimage\"},\"image\":{\"@id\":\"https:\/\/martayogaibiza.com\/index.php\/power-vinyasa-yoga\/#primaryimage\"},\"thumbnailUrl\":\"https:\/\/martayogaibiza.com\/wp-content\/uploads\/2025\/08\/power-vinyasa-marta-yoga-ibiza-5-683x1024.jpg\",\"datePublished\":\"2025-08-02T12:51:56+00:00\",\"dateModified\":\"2025-08-02T13:02:36+00:00\",\"description\":\"Qu\u00e9 es Power Vinyasa Yoga y qu\u00e9 beneficios tiene para tu bienestar f\u00edsico y mental. En Marta Yoga Ibiza puedes practicarlo semanalmente.\",\"breadcrumb\":{\"@id\":\"https:\/\/martayogaibiza.com\/index.php\/power-vinyasa-yoga\/#breadcrumb\"},\"inLanguage\":\"es\",\"potentialAction\":[{\"@type\":\"ReadAction\",\"target\":[\"https:\/\/martayogaibiza.com\/index.php\/power-vinyasa-yoga\/\"]}]},{\"@type\":\"ImageObject\",\"inLanguage\":\"es\",\"@id\":\"https:\/\/martayogaibiza.com\/index.php\/power-vinyasa-yoga\/#primaryimage\",\"url\":\"https:\/\/martayogaibiza.com\/wp-content\/uploads\/2025\/08\/power-vinyasa-marta-yoga-ibiza-5-scaled.jpg\",\"contentUrl\":\"https:\/\/martayogaibiza.com\/wp-content\/uploads\/2025\/08\/power-vinyasa-marta-yoga-ibiza-5-scaled.jpg\",\"width\":1707,\"height\":2560},{\"@type\":\"BreadcrumbList\",\"@id\":\"https:\/\/martayogaibiza.com\/index.php\/power-vinyasa-yoga\/#breadcrumb\",\"itemListElement\":[{\"@type\":\"ListItem\",\"position\":1,\"name\":\"Portada\",\"item\":\"https:\/\/martayogaibiza.com\/\"},{\"@type\":\"ListItem\",\"position\":2,\"name\":\"Power Vinyasa Yoga\"}]},{\"@type\":\"WebSite\",\"@id\":\"https:\/\/martayogaibiza.com\/#website\",\"url\":\"https:\/\/martayogaibiza.com\/\",\"name\":\"Marta Yoga Ibiza\",\"description\":\"Yoga en Ibiza\",\"publisher\":{\"@id\":\"https:\/\/martayogaibiza.com\/#\/schema\/person\/92598a7f6f24a2bf61586cfdd3825a83\"},\"potentialAction\":[{\"@type\":\"SearchAction\",\"target\":{\"@type\":\"EntryPoint\",\"urlTemplate\":\"https:\/\/martayogaibiza.com\/?s={search_term_string}\"},\"query-input\":{\"@type\":\"PropertyValueSpecification\",\"valueRequired\":true,\"valueName\":\"search_term_string\"}}],\"inLanguage\":\"es\"},{\"@type\":[\"Person\",\"Organization\"],\"@id\":\"https:\/\/martayogaibiza.com\/#\/schema\/person\/92598a7f6f24a2bf61586cfdd3825a83\",\"name\":\"Marta Almagro\",\"image\":{\"@type\":\"ImageObject\",\"inLanguage\":\"es\",\"@id\":\"https:\/\/martayogaibiza.com\/#\/schema\/person\/image\/\",\"url\":\"https:\/\/martayogaibiza.com\/wp-content\/uploads\/2023\/01\/sin-fondo.png\",\"contentUrl\":\"https:\/\/martayogaibiza.com\/wp-content\/uploads\/2023\/01\/sin-fondo.png\",\"width\":489,\"height\":303,\"caption\":\"Marta Almagro\"},\"logo\":{\"@id\":\"https:\/\/martayogaibiza.com\/#\/schema\/person\/image\/\"},\"sameAs\":[\"http:\/\/martayogaibiza.com\",\"https:\/\/www.facebook.com\/MartaYogaIbiza\/\",\"https:\/\/www.instagram.com\/martayogaibiza\/\"]}]}<\/script>\n<!-- \/ Yoast SEO plugin. -->","yoast_head_json":{"title":"Power Vinyasa Yoga - Marta Yoga Ibiza","description":"Qu\u00e9 es Power Vinyasa Yoga y qu\u00e9 beneficios tiene para tu bienestar f\u00edsico y mental. En Marta Yoga Ibiza puedes practicarlo semanalmente.","robots":{"index":"index","follow":"follow","max-snippet":"max-snippet:-1","max-image-preview":"max-image-preview:large","max-video-preview":"max-video-preview:-1"},"canonical":"https:\/\/martayogaibiza.com\/index.php\/power-vinyasa-yoga\/","og_locale":"es_ES","og_type":"article","og_title":"Power Vinyasa Yoga - Marta Yoga Ibiza","og_description":"Qu\u00e9 es Power Vinyasa Yoga y qu\u00e9 beneficios tiene para tu bienestar f\u00edsico y mental. En Marta Yoga Ibiza puedes practicarlo semanalmente.","og_url":"https:\/\/martayogaibiza.com\/index.php\/power-vinyasa-yoga\/","og_site_name":"Marta Yoga Ibiza","article_publisher":"https:\/\/www.facebook.com\/MartaYogaIbiza\/","article_modified_time":"2025-08-02T13:02:36+00:00","og_image":[{"width":1707,"height":2560,"url":"https:\/\/martayogaibiza.com\/wp-content\/uploads\/2025\/08\/power-vinyasa-marta-yoga-ibiza-5-scaled.jpg","type":"image\/jpeg"}],"twitter_card":"summary_large_image","twitter_misc":{"Tiempo de lectura":"1 minuto"},"schema":{"@context":"https:\/\/schema.org","@graph":[{"@type":"WebPage","@id":"https:\/\/martayogaibiza.com\/index.php\/power-vinyasa-yoga\/","url":"https:\/\/martayogaibiza.com\/index.php\/power-vinyasa-yoga\/","name":"Power Vinyasa Yoga - Marta Yoga Ibiza","isPartOf":{"@id":"https:\/\/martayogaibiza.com\/#website"},"primaryImageOfPage":{"@id":"https:\/\/martayogaibiza.com\/index.php\/power-vinyasa-yoga\/#primaryimage"},"image":{"@id":"https:\/\/martayogaibiza.com\/index.php\/power-vinyasa-yoga\/#primaryimage"},"thumbnailUrl":"https:\/\/martayogaibiza.com\/wp-content\/uploads\/2025\/08\/power-vinyasa-marta-yoga-ibiza-5-683x1024.jpg","datePublished":"2025-08-02T12:51:56+00:00","dateModified":"2025-08-02T13:02:36+00:00","description":"Qu\u00e9 es Power Vinyasa Yoga y qu\u00e9 beneficios tiene para tu bienestar f\u00edsico y mental. En Marta Yoga Ibiza puedes practicarlo semanalmente.","breadcrumb":{"@id":"https:\/\/martayogaibiza.com\/index.php\/power-vinyasa-yoga\/#breadcrumb"},"inLanguage":"es","potentialAction":[{"@type":"ReadAction","target":["https:\/\/martayogaibiza.com\/index.php\/power-vinyasa-yoga\/"]}]},{"@type":"ImageObject","inLanguage":"es","@id":"https:\/\/martayogaibiza.com\/index.php\/power-vinyasa-yoga\/#primaryimage","url":"https:\/\/martayogaibiza.com\/wp-content\/uploads\/2025\/08\/power-vinyasa-marta-yoga-ibiza-5-scaled.jpg","contentUrl":"https:\/\/martayogaibiza.com\/wp-content\/uploads\/2025\/08\/power-vinyasa-marta-yoga-ibiza-5-scaled.jpg","width":1707,"height":2560},{"@type":"BreadcrumbList","@id":"https:\/\/martayogaibiza.com\/index.php\/power-vinyasa-yoga\/#breadcrumb","itemListElement":[{"@type":"ListItem","position":1,"name":"Portada","item":"https:\/\/martayogaibiza.com\/"},{"@type":"ListItem","position":2,"name":"Power Vinyasa Yoga"}]},{"@type":"WebSite","@id":"https:\/\/martayogaibiza.com\/#website","url":"https:\/\/martayogaibiza.com\/","name":"Marta Yoga Ibiza","description":"Yoga en Ibiza","publisher":{"@id":"https:\/\/martayogaibiza.com\/#\/schema\/person\/92598a7f6f24a2bf61586cfdd3825a83"},"potentialAction":[{"@type":"SearchAction","target":{"@type":"EntryPoint","urlTemplate":"https:\/\/martayogaibiza.com\/?s={search_term_string}"},"query-input":{"@type":"PropertyValueSpecification","valueRequired":true,"valueName":"search_term_string"}}],"inLanguage":"es"},{"@type":["Person","Organization"],"@id":"https:\/\/martayogaibiza.com\/#\/schema\/person\/92598a7f6f24a2bf61586cfdd3825a83","name":"Marta Almagro","image":{"@type":"ImageObject","inLanguage":"es","@id":"https:\/\/martayogaibiza.com\/#\/schema\/person\/image\/","url":"https:\/\/martayogaibiza.com\/wp-content\/uploads\/2023\/01\/sin-fondo.png","contentUrl":"https:\/\/martayogaibiza.com\/wp-content\/uploads\/2023\/01\/sin-fondo.png","width":489,"height":303,"caption":"Marta Almagro"},"logo":{"@id":"https:\/\/martayogaibiza.com\/#\/schema\/person\/image\/"},"sameAs":["http:\/\/martayogaibiza.com","https:\/\/www.facebook.com\/MartaYogaIbiza\/","https:\/\/www.instagram.com\/martayogaibiza\/"]}]}},"_links":{"self":[{"href":"https:\/\/martayogaibiza.com\/index.php\/wp-json\/wp\/v2\/pages\/8693","targetHints":{"allow":["GET"]}}],"collection":[{"href":"https:\/\/martayogaibiza.com\/index.php\/wp-json\/wp\/v2\/pages"}],"about":[{"href":"https:\/\/martayogaibiza.com\/index.php\/wp-json\/wp\/v2\/types\/page"}],"author":[{"embeddable":true,"href":"https:\/\/martayogaibiza.com\/index.php\/wp-json\/wp\/v2\/users\/1"}],"replies":[{"embeddable":true,"href":"https:\/\/martayogaibiza.com\/index.php\/wp-json\/wp\/v2\/comments?post=8693"}],"version-history":[{"count":11,"href":"https:\/\/martayogaibiza.com\/index.php\/wp-json\/wp\/v2\/pages\/8693\/revisions"}],"predecessor-version":[{"id":8706,"href":"https:\/\/martayogaibiza.com\/index.php\/wp-json\/wp\/v2\/pages\/8693\/revisions\/8706"}],"wp:attachment":[{"href":"https:\/\/martayogaibiza.com\/index.php\/wp-json\/wp\/v2\/media?parent=8693"}],"curies":[{"name":"wp","href":"https:\/\/api.w.org\/{rel}","templated":true}]}}